{"id":99,"date":"2010-03-01T00:53:13","date_gmt":"2010-03-01T05:53:13","guid":{"rendered":"http:\/\/www.musicbymailcanada.com\/blog\/?page_id=99"},"modified":"2023-05-04T02:16:45","modified_gmt":"2023-05-04T06:16:45","slug":"music-associations-3","status":"publish","type":"page","link":"https:\/\/www.musicbymailcanada.com\/blog\/?page_id=99","title":{"rendered":"Music Associations"},"content":{"rendered":"\n<figure class=\"wp-block-table\"><table class=\"has-white-background-color has-background\"><tbody><tr><td>\n<ul style=\"list-style-type: disc;\">\n<li><a href=\"http:\/\/www.aria.ab.ca\/\" target=\"_blank\" rel=\"noopener\">Alberta Recording Industries Association<\/a> &#8211; An association representing the music industry in Alberta.<\/li>\n<li><a href=\"http:\/\/www.afm.org\/\" target=\"_blank\" rel=\"noopener\">American Federation of Musicians<\/a> &#8211; Union for Musicians. Consult this site for your local association&#8217;s information.<\/li>\n<li><a href=\"http:\/\/www.adisq.com\/\" target=\"_blank\" rel=\"noopener\">Association qu\u00e9b\u00e9coise de l&#8217;industrie du disque, du spectacle et de la vid\u00e9o<\/a> (ADISQ) &#8211; An association representing the music industry in Quebec. Responsible for Le Gala De L&#8217;ADISQ.<\/li>\n<li><a href=\"http:\/\/www.canadacouncil.ca\/\" target=\"_blank\" rel=\"noopener\">The Canada Council For The Arts<\/a> &#8211; An organization that supports the Canadian artistic community with grants.<\/li>\n<li><a href=\"http:\/\/www.cammac.ca\/\" target=\"_blank\" rel=\"noopener\">Canadian Amateur Musicians &#8211; Musiciens Amateurs Du Canada<\/a> (CAMMAC)<\/li>\n<li><a href=\"http:\/\/www.capsnews.org\/\" target=\"_blank\" rel=\"noopener\">Canadian Antique Phonographs Society<\/a> &#8211; For collectors of antique Canadian phonographs.<\/li>\n<li><a href=\"http:\/\/www.ccfda.ca\/\" target=\"_blank\" rel=\"noopener\">Canadian Coalition for Fair Digital Access<\/a> &#8211; An association representing corporations and organizations that oppose the blank audio levy.<\/li>\n<li><a href=\"http:\/\/www.ffa.ucalgary.ca\/cca\/index.html\" target=\"_blank\" rel=\"noopener\">The Canadian Conference of the Arts &#8211; La Conf\u00e9rence canadienne des arts<\/a><\/li>\n<li><a href=\"http:\/\/www.ccma.org\/\" target=\"_blank\" rel=\"noopener\">Canadian Country Music Association<\/a> (CCMA) &#8211; An association representing the Country music industry in Canada. Responsible for the Canadian Country Music Awards.<\/li>\n<li><a href=\"http:\/\/www.cirpa.ca\/\" target=\"_blank\" rel=\"noopener\">Canadian Independent Record Production Association<\/a> (CIRPA) &#8211; An association representing the independent music industry in Canada.<\/li>\n<li><a href=\"http:\/\/cipo.gc.ca\/\" target=\"_blank\" rel=\"noopener\">The Canadian Intellectual Property Office at Industry Canada<\/a> &#8211; Information on copyright registration can be found at this site.<\/li>\n<li><a href=\"http:\/\/www.musiccreators.ca\/\" target=\"_blank\" rel=\"noopener\">Canadian Music Creators Coalition<\/a> &#8211; Canadian artists speak out about the proposed copyright reforms<\/li>\n<li><a href=\"http:\/\/www.cmrra.ca\/\" target=\"_blank\" rel=\"noopener\">Canadian Musical Reproduction Rights Agency<\/a> (CMRRA) &#8211; Mechanical\/Synchronization rights licensing agency<\/li>\n<li><a href=\"http:\/\/www.coolname.com\/coma\/coma\/index.html\" target=\"_blank\" rel=\"noopener\">Canadian On-line Musician&#8217;s Association<\/a> (COMA) &#8211; CDs available for purchase<\/li>\n<li><b>Canadian Recording Industry Association<\/b> (CRIA) &#8211; see MusicCanada.com<\/li>\n<li><a href=\"http:\/\/www.pch.gc.ca\/index_e.cfm\" target=\"_blank\" rel=\"noopener\">The Department of Heritage<\/a> &#8211; Ministry of Canadian Heritage Homepage<\/li>\n<li><a href=\"http:\/\/www.duncaninvestigations.com\/\" target=\"_blank\" rel=\"noopener\">Duncan Investigations<\/a> &#8211; A Winnipeg based investigation firm that represents several Canadian music associations and collectives<\/li>\n<li><a href=\"http:\/\/www.factor.ca\/\" target=\"_blank\" rel=\"noopener\">The Foundation to Assist Canadian Talent on Record<\/a> (FACTOR) &#8211; An association that provided financial aid to artists and assistance to members of the industry.<\/li>\n<li><a href=\"http:\/\/www.juno-awards.ca\/\" target=\"_blank\" rel=\"noopener\">The Juno Awards<\/a> &#8211; Canada&#8217;s top music industry awards<\/li>\n<li><a href=\"http:\/\/www.manitobamusic.com\/\" target=\"_blank\" rel=\"noopener\">Manitoba Music<\/a> &#8211; An association representing the music industry in Manitoba.<\/li>\n<li><a href=\"http:\/\/www.musiccanada.com\/\" target=\"_blank\" rel=\"noopener\">MusicCanada.com<\/a> &#8211; Formerly the Canadian Recording Industry Association, the largest music association in Canada. Responsible for record certifications and The Juno Awards.<\/li>\n<li><a href=\"http:\/\/www.musicnl.ca\/\" target=\"_blank\" rel=\"noopener\">Music Industry Association of Newfoundland and Labrador<\/a> &#8211; An association representing the music industry in Newfoundland and Labrador.<\/li>\n<li><a href=\"http:\/\/www.musicnovascotia.ca\/\" target=\"_blank\" rel=\"noopener\">Music Nova Scotia<\/a> &#8211; An association representing the music industry in Nova Scotia.<\/li>\n<li><a href=\"http:\/\/www.musicaction.ca\/\" target=\"_blank\" rel=\"noopener\">Musicaction<\/a> &#8211; An association that provided financial aid to francophone artists and assistance to members of the industry.<\/li>\n<li><a href=\"http:\/\/www.musicbc.org\/\" target=\"_blank\" rel=\"noopener\">Pacific Music Industry Association<\/a> &#8211; An association representing the music industry in British Columbia.<\/li>\n<li><a href=\"http:\/\/www.musicnwt.ca\/\" target=\"_blank\" rel=\"noopener\">Recording Arts Association North West Territories<\/a> &#8211; An association representing the music industry in the North West Territories.<\/li>\n<li><a href=\"http:\/\/www.musicyukon.com\/main\/\" target=\"_blank\" rel=\"noopener\">Recording Arts Industry-Yukon Association<\/a> &#8211; An association representing the music industry in Yukon.<\/li>\n<li><a href=\"http:\/\/www.saskmusic.org\/\" target=\"_blank\" rel=\"noopener\">Saskatchewan Recording Industry Association<\/a> &#8211; An association representing the music industry in Saskatchewan.<\/li>\n<li><a href=\"http:\/\/www.sopref.org\/\" target=\"_blank\" rel=\"noopener\">la Soci\u00e9t\u00e9 pour la promotion de la rel\u00e8ve musicale de l\u2019espace francophone<\/a> (SOPREF)<\/li>\n<li><a href=\"http:\/\/www.socan.ca\/\" target=\"_blank\" rel=\"noopener\">Society of Composers, Authors and Music Publishers of Canada<\/a> (SOCAN) &#8211; Canada&#8217;s performance rights agency.<\/li>\n<li><a href=\"http:\/\/www.songwriters.ca\/\" target=\"_blank\" rel=\"noopener\">Songwriters Association of Canada<\/a> &#8211; An association representing songwriters in Canada.<\/li>\n<\/ul>\n<\/td><\/tr><tr><td><center><br><a href=\"http:\/\/www.ebay.ca\/?mkcid=1&amp;mkrid=706-53473-19255-0&amp;siteid=2&amp;campid=5338956191&amp;customid=&amp;toolid=10001&amp;mkevt=1\" target=\"new\" rel=\"noopener\"><img decoding=\"async\" src=\"https:\/\/www.musicbymailcanada.com\/blog\/wp-content\/uploads\/2022\/12\/Logo_468x60.jpg\"><\/a><\/center><\/td><\/tr><\/tbody><\/table><\/figure>\n","protected":false},"excerpt":{"rendered":"<p>Music Associations In Canada. Canadian Music Associations.<\/p>\n","protected":false},"author":1,"featured_media":0,"parent":1379,"menu_order":0,"comment_status":"closed","ping_status":"closed","template":"","meta":[],"_links":{"self":[{"href":"https:\/\/www.musicbymailcanada.com\/blog\/index.php?rest_route=\/wp\/v2\/pages\/99"}],"collection":[{"href":"https:\/\/www.musicbymailcanada.com\/blog\/index.php?rest_route=\/wp\/v2\/pages"}],"about":[{"href":"https:\/\/www.musicbymailcanada.com\/blog\/index.php?rest_route=\/wp\/v2\/types\/page"}],"author":[{"embeddable":true,"href":"https:\/\/www.musicbymailcanada.com\/blog\/index.php?rest_route=\/wp\/v2\/users\/1"}],"replies":[{"embeddable":true,"href":"https:\/\/www.musicbymailcanada.com\/blog\/index.php?rest_route=%2Fwp%2Fv2%2Fcomments&post=99"}],"version-history":[{"count":5,"href":"https:\/\/www.musicbymailcanada.com\/blog\/index.php?rest_route=\/wp\/v2\/pages\/99\/revisions"}],"predecessor-version":[{"id":6357,"href":"https:\/\/www.musicbymailcanada.com\/blog\/index.php?rest_route=\/wp\/v2\/pages\/99\/revisions\/6357"}],"up":[{"embeddable":true,"href":"https:\/\/www.musicbymailcanada.com\/blog\/index.php?rest_route=\/wp\/v2\/pages\/1379"}],"wp:attachment":[{"href":"https:\/\/www.musicbymailcanada.com\/blog\/index.php?rest_route=%2Fwp%2Fv2%2Fmedia&parent=99"}],"curies":[{"name":"wp","href":"https:\/\/api.w.org\/{rel}","templated":true}]}}